{"id":72990,"date":"2025-10-10T16:03:21","date_gmt":"2025-10-10T20:03:21","guid":{"rendered":"https:\/\/www.cca-acc.com\/defense-des-interets\/economic-insights\/"},"modified":"2025-10-28T15:18:40","modified_gmt":"2025-10-28T19:18:40","slug":"analyses-economiques","status":"publish","type":"page","link":"https:\/\/staging.cca-acc.com\/fr\/defense-des-interets\/analyses-economiques\/","title":{"rendered":"Analyses \u00e9conomiques"},"content":{"rendered":"\n<p>Le rapport <em><strong>Perspectives \u00e9conomiques trimestrielles de la construction<\/strong><\/em> est votre guide essentiel pour comprendre la situation actuelle et l&#8217;orientation future du secteur de la construction au Canada. Produit par l&#8217;Association canadienne de la construction (ACC), ce rapport exclusif pr\u00e9sente une analyse experte des tendances \u00e9conomiques, des \u00e9volutions politiques et des forces du march\u00e9 qui ont une influence sur votre entreprise. Que vous planifiiez votre croissance, g\u00e9riez les risques ou pr\u00e9conisiez le changement, les informations contenues dans ce rapport sont con\u00e7ues pour aider les membres de l&#8217;ACC \u00e0 prendre des d\u00e9cisions plus intelligentes et plus rapides.<\/p>\n\n\n\n<p>Consultez nos derniers num\u00e9ros ci-dessous.<\/p>\n\n\n\n<h2 class=\"wp-block-heading has-brand-color has-text-color has-link-color wp-elements-93b7115a23b93bbd6eddb0e6ae083c06\">Une lecture indispensable pour tous les leaders du secteur de la construction qui doivent relever les d\u00e9fis actuels&nbsp;<\/h2>\n\n\n\n<h3 class=\"wp-block-heading\">Automne 2025<\/h3>\n\n\n\n<p><strong>Points saillants:<\/strong><\/p>\n\n\n\n<ul class=\"wp-block-list\">\n<li><strong>La construction se maintient alors que les taux d\u2019int\u00e9r\u00eat baissent<\/strong>\u00a0: L\u2019\u00e9conomie canadienne s\u2019est contract\u00e9e de\u00a01,6\u00a0%, mais le secteur de la construction a continu\u00e9 \u00e0 cro\u00eetre modestement. La baisse des taux d\u2019int\u00e9r\u00eat pourrait contribuer \u00e0 soutenir de nouveaux investissements dans le domaine de la construction, tout particuli\u00e8rement en ce qui concerne les immeubles r\u00e9sidentiels \u00e0 logements multiples.<\/li>\n\n\n\n<li><strong>La diminution du nombre de permis signale un ralentissement potentiel \u00e0 court terme<\/strong>\u00a0: Les permis de construire ont chut\u00e9 de 6,2\u00a0% au T2 et de 3,1\u00a0% d\u2019une ann\u00e9e sur l\u2019autre, ce qui laisse pr\u00e9sager un ralentissement des mises en chantier. La confiance du march\u00e9 immobilier s\u2019est affaiblie \u00e0 Vancouver et \u00e0 Toronto, et la reprise du march\u00e9 de la pr\u00e9vente pourrait prendre du temps avant que les mises en chantier de maisons ne reprennent.<\/li>\n\n\n\n<li><strong>Les co\u00fbts \u00e9lev\u00e9s r\u00e9duisent la liste des projets du Canada\u00a0:<\/strong>\u00a0Les co\u00fbts de construction ont augment\u00e9 de 4\u00a0% au cours de l\u2019ann\u00e9e, notamment dans les secteurs ayant une forte demande en acier. Depuis 2017, les co\u00fbts de construction industrielle, commerciale et institutionnelle (ICI) ont augment\u00e9 deux fois plus vite que l\u2019inflation \u00e0 la consommation. L\u2019augmentation des co\u00fbts de livraison, les nouvelles mesures commerciales et les futures formalit\u00e9s administratives li\u00e9es aux march\u00e9s publics f\u00e9d\u00e9raux pourraient encore faire grimper les co\u00fbts.<\/li>\n\n\n\n<li><strong>Les changements commerciaux ajoutent de nouveaux d\u00e9fis\u00a0:<\/strong>\u00a0Les droits de douane et les nouvelles r\u00e8gles d\u2019approvisionnement \u00ab\u00a0Achetez canadien\u00a0\u00bb attendues en novembre pourraient augmenter les co\u00fbts et reporter les projets. Il sera essentiel de consulter l\u2019industrie afin de veiller \u00e0 ce que l\u2019approvisionnement national soutienne, et non entrave, la capacit\u00e9 du Canada \u00e0 construire.<\/li>\n<\/ul>\n\n\n<div class=\"\"><a href=\"https:\/\/www.cca-acc.com\/fr\/plus\/le-rapport-economique-dautomne-de-lacc-constate-que-la-construction-est-stable-mais-que-laugmentation-des-couts-menace-les-perspectives\/\"  class=\" cca_purple btn_solid\" target=\"_blank\">En savoir plus<\/a>\n<\/div>\n\n\n\n\n\n<h3 class=\"wp-block-heading\">\u00c9t\u00e9 2025<\/h3>\n\n\n\n<p><strong>Points saillants:<\/strong><\/p>\n\n\n\n<ul class=\"wp-block-list\">\n<li><strong>La construction reste stable<\/strong>&nbsp;: La production industrielle a augment\u00e9 de 0,22&nbsp;%. Bien que ce chiffre soit plus modeste que celui de l\u2019ensemble de l\u2019\u00e9conomie, il s\u2019agit d\u2019un gain stable pour un secteur qui ne conna\u00eet pas de pics d\u2019exportations et de stocks et qui a absorb\u00e9 des importations plus importantes.<\/li>\n\n\n\n<li><strong>Refroidissement de l\u2019inflation des mat\u00e9riaux de construction &#8211; \u00e0 l\u2019entr\u00e9e de l\u2019usine<\/strong>&nbsp;: L\u2019inflation de l\u2019indice des prix des produits industriels (IPPI) a ralenti \u00e0 1,17&nbsp;% en glissement annuel en mai. Les prix de l\u2019acier ont augment\u00e9 de 3,38&nbsp;% depuis f\u00e9vrier et les co\u00fbts du ciment sont \u00e9galement en hausse.<\/li>\n\n\n\n<li><strong>Construction record de la part du f\u00e9d\u00e9ral<\/strong>&nbsp;: Le plan de construction de 50&nbsp;G$ sur quatre ans propos\u00e9 par le gouvernement f\u00e9d\u00e9ral dans le cadre du programme du premier ministre Mark Carney place le secteur dans la position la plus constructive (au sens propre comme au sens figur\u00e9) depuis le boom autoroutier de l\u2019apr\u00e8s-guerre. <\/li>\n<\/ul>\n\n\n<div class=\"\"><a href=\"https:\/\/www.cca-acc.com\/fr\/plus\/le-nouveau-rapport-economique-de-lacc-montre-que-la-construction-se-maintient-malgre-une-conjoncture-economique-difficile\/\"  class=\" cca_purple btn_solid\" target=\"_blank\">En savoir plus<\/a>\n<\/div>\n\n\n\n\n\n<h3 class=\"wp-block-heading\">Printemps 2025<\/h3>\n\n\n\n<p><strong>Points saillants:<\/strong><\/p>\n\n\n\n<ul class=\"wp-block-list\">\n<li><strong>L\u2019industrie reste stable&nbsp;:<\/strong>&nbsp;Le secteur de la construction a progress\u00e9 pour le deuxi\u00e8me trimestre cons\u00e9cutif au T4&nbsp;2024, le PIB r\u00e9el augmentant de 1,1&nbsp;%. Malgr\u00e9 ces gains trimestriels, l\u2019industrie a affich\u00e9 une l\u00e9g\u00e8re contraction de -0,3&nbsp;% en 2024, caus\u00e9e par la faiblesse persistante de la construction de maisons unifamiliales et de la construction de r\u00e9parations.<\/li>\n\n\n\n<li><strong>Utilisation et commerce des mat\u00e9riaux dans la construction&nbsp;:<\/strong>&nbsp;L\u2019industrie canadienne de la construction reste tr\u00e8s d\u00e9pendante des mat\u00e9riaux import\u00e9s, principalement de l\u2019acier, de l\u2019aluminium, du ciment et des composants \u00e9lectriques. Bon nombre de ces intrants proviennent essentiellement des \u00c9tats-Unis, ce qui les rend tr\u00e8s vuln\u00e9rables aux droits de douane.&nbsp;<\/li>\n\n\n\n<li><strong><strong>Performance \u00e9conomique du Canada au T4&nbsp;2024 et au d\u00e9but de 2025<\/strong><\/strong> : Malgr\u00e9 un taux de croissance de 1,6&nbsp;% sur l\u2019ensemble de l\u2019ann\u00e9e, soutenu par des taux d\u2019int\u00e9r\u00eat plus bas et une augmentation temporaire des exportations, le d\u00e9but de l\u2019ann\u00e9e&nbsp;2025 montre des signes de tension. L\u2019escalade des menaces de droits de douane et l\u2019incertitude politique p\u00e8sent sur le moral des consommateurs et les investissements, limitant ainsi le potentiel de croissance de l\u2019\u00e9conomie.<\/li>\n<\/ul>\n\n\n<div class=\"\"><a href=\"https:\/\/www.cca-acc.com\/fr\/plus\/le-nouveau-rapport-economique-de-lacc-montre-que-le-secteur-de-la-construction-resiste-bien-aux-pressions-tarifaires-croissantes\/\"  class=\" cca_purple btn_solid\" target=\"_blank\">En savoir plus<\/a>\n<\/div>\n\n\n\n\n\n<h3 class=\"wp-block-heading\">Hiver 2025<\/h3>\n\n\n\n<p><strong>Points saillants:<\/strong><\/p>\n\n\n\n<ul class=\"wp-block-list\">\n<li><strong><strong>Commerce et droits de douane<\/strong><\/strong>&nbsp;<strong>:&nbsp;<\/strong>La d\u00e9pendance du Canada \u00e0 l\u2019\u00e9gard des importations de mat\u00e9riaux essentiels tels que l\u2019acier, l\u2019aluminium et le bois de construction rend le secteur particuli\u00e8rement sensible aux perturbations commerciales.<\/li>\n\n\n\n<li><strong><strong><strong>Main-d\u2019\u0153uvre dans la construction<\/strong><\/strong>&nbsp;<strong>:<\/strong><\/strong>&nbsp;Les niveaux d\u2019emploi dans la construction restent stables, refl\u00e9tant une forte demande de main-d\u2019\u0153uvre. Au T3&nbsp;2024, le taux de ch\u00f4mage dans le secteur de la construction s\u2019\u00e9levait \u00e0 5&nbsp;%, ce qui est inf\u00e9rieur aux moyennes observ\u00e9es dans les ann\u00e9es&nbsp;2010.<\/li>\n\n\n\n<li><strong><strong>Production \u00e9conomique de la construction<\/strong>&nbsp;:<\/strong>&nbsp;Le PIB de l\u2019industrie de la construction a connu une croissance modeste au T3&nbsp;2024, refl\u00e9tant la r\u00e9silience de l\u2019industrie face aux incertitudes \u00e9conomiques.<\/li>\n<\/ul>\n\n\n<div class=\"\"><a href=\"https:\/\/www.cca-acc.com\/fr\/plus\/le-rapport-economique-de-lacc-met-en-evidence-une-croissance-economique-modeste-dans-un-contexte-de-tensions-commerciales\/\"  class=\" cca_purple btn_solid\" target=\"_blank\">En savoir plus<\/a>\n<\/div>\n\n\n\n\n\n<div style=\"height:16px\" aria-hidden=\"true\" class=\"wp-block-spacer\"><\/div>\n\n\n\n<p>D\u00e9couvrez certains de nos anciens num\u00e9ros.<\/p>\n\n\n<div class=\"wp-block-group accordion-block-group\">\n\t<div class=\"wp-block-group__inner-container\">\n\t\t<div class=\"wp-block-group mission-accordion\">\n\t\t\t<div class=\"wp-block-group__inner-container\">\n\t\t\t\t<h4 data-aos=\"fade-in\">2024<\/h4>\n\t\t\t\t<p data-aos=\"fade-in\"><p><a href=\"https:\/\/www.cca-acc.com\/fr\/plus\/le-rapport-economique-de-lacc-met-en-evidence-les-tendances-positives-des-perspectives-de-la-construction\/\">Automne<\/a><\/p>\n<p><a href=\"https:\/\/www.cca-acc.com\/fr\/plus\/les-pme-canadiennes-du-secteur-de-la-construction-resistent-malgre-un-marche-economique-tendu\/\">\u00c9t\u00e9<\/a><\/p>\n<p><a href=\"https:\/\/www.cca-acc.com\/fr\/plus\/lindustrie-gagne-en-durabilite-malgre-la-morosite-de-leconomie\/\">Printemps<\/a> <\/p>\n<p><a href=\"https:\/\/www.cca-acc.com\/fr\/plus\/les-initiatives-federales-visant-a-stimuler-loffre-de-logements-necessitent-un-cadre-dinfrastructure-solide\/\">Hiver<\/a><\/p>\n<\/p>\n\t\t\t<\/div>\n\t\t<\/div>\n\t<\/div>\n<\/div>\n\n<div class=\"wp-block-group accordion-block-group\">\n\t<div class=\"wp-block-group__inner-container\">\n\t\t<div class=\"wp-block-group mission-accordion\">\n\t\t\t<div class=\"wp-block-group__inner-container\">\n\t\t\t\t<h4 data-aos=\"fade-in\">2023<\/h4>\n\t\t\t\t<p data-aos=\"fade-in\"><p><a href=\"https:\/\/www.cca-acc.com\/fr\/plus\/lindustrie-cherche-a-pourvoir-des-postes-malgre-les-signes-dassouplissement-du-marche-de-lemploi\/\">Automne<\/a><\/p>\n<p><a href=\"https:\/\/www.cca-acc.com\/fr\/plus\/lactivite-de-construction-reste-forte-malgre-les-difficultes-rencontrees-par-le-secteur\/\">\u00c9t\u00e9<\/a><\/p>\n<p><a href=\"https:\/\/www.cca-acc.com\/fr\/plus\/le-secteur-de-la-construction-demeure-stable-malgre-le-ralentissement-economique-mondial\/\">Printemps<\/a><\/p>\n<p><a href=\"https:\/\/www.cca-acc.com\/fr\/plus\/un-nouveau-rapport-fait-etat-des-opportunites-pour-le-secteur-qui-est-accable-par-la-penurie-de-main-doeuvre-et-linflation\/\">Hiver<\/a><\/p>\n<\/p>\n\t\t\t<\/div>\n\t\t<\/div>\n\t<\/div>\n<\/div>\n\n\n<p><\/p>\n","protected":false},"excerpt":{"rendered":"<p>Le rapport Perspectives \u00e9conomiques trimestrielles de la construction est votre guide essentiel pour comprendre la situation actuelle et l&#8217;orientation future du secteur de la construction au Canada. Produit par l&#8217;Association canadienne de la construction (ACC), ce rapport exclusif pr\u00e9sente une analyse experte des tendances \u00e9conomiques, des \u00e9volutions politiques et des forces du march\u00e9 qui ont [&hellip;]<\/p>\n","protected":false},"author":33,"featured_media":0,"parent":15874,"menu_order":0,"comment_status":"closed","ping_status":"closed","template":"","meta":{"_acf_changed":false,"footnotes":""},"class_list":["post-72990","page","type-page","status-publish","hentry"],"acf":[],"_links":{"self":[{"href":"https:\/\/staging.cca-acc.com\/fr\/wp-json\/wp\/v2\/pages\/72990","targetHints":{"allow":["GET"]}}],"collection":[{"href":"https:\/\/staging.cca-acc.com\/fr\/wp-json\/wp\/v2\/pages"}],"about":[{"href":"https:\/\/staging.cca-acc.com\/fr\/wp-json\/wp\/v2\/types\/page"}],"author":[{"embeddable":true,"href":"https:\/\/staging.cca-acc.com\/fr\/wp-json\/wp\/v2\/users\/33"}],"replies":[{"embeddable":true,"href":"https:\/\/staging.cca-acc.com\/fr\/wp-json\/wp\/v2\/comments?post=72990"}],"version-history":[{"count":11,"href":"https:\/\/staging.cca-acc.com\/fr\/wp-json\/wp\/v2\/pages\/72990\/revisions"}],"predecessor-version":[{"id":73661,"href":"https:\/\/staging.cca-acc.com\/fr\/wp-json\/wp\/v2\/pages\/72990\/revisions\/73661"}],"up":[{"embeddable":true,"href":"https:\/\/staging.cca-acc.com\/fr\/wp-json\/wp\/v2\/pages\/15874"}],"wp:attachment":[{"href":"https:\/\/staging.cca-acc.com\/fr\/wp-json\/wp\/v2\/media?parent=72990"}],"curies":[{"name":"wp","href":"https:\/\/api.w.org\/{rel}","templated":true}]}}