{"id":30777,"date":"2022-05-16T15:47:06","date_gmt":"2022-05-16T19:47:06","guid":{"rendered":"https:\/\/www.cca-acc.com\/?page_id=30777"},"modified":"2023-12-14T13:24:29","modified_gmt":"2023-12-14T18:24:29","slug":"notre-objectif","status":"publish","type":"page","link":"https:\/\/staging.cca-acc.com\/fr\/a-propos-de-nous\/notre-objectif\/","title":{"rendered":"Notre objectif"},"content":{"rendered":"\n<h3 class=\"alignwide has-text-align-center wp-block-heading\">L\u2019Association canadienne de la construction (ACC) s\u2019emploie activement \u00e0 favoriser le succ\u00e8s de l\u2019industrie nationale de la construction en concentrant ses efforts sur ce qui suit:<\/h3>\n\n\n\n<hr class=\"wp-block-separator\"\/>\n\n\n\n<h3 class=\"has-text-align-center wp-block-heading\"><strong>Attirer et retenir la main-d\u2019\u0153uvre dont nous avons besoin.<\/strong><\/h3>\n\n\n\n<div class=\"wp-block-media-text alignwide is-stacked-on-mobile\" style=\"grid-template-columns:25% auto\"><figure class=\"wp-block-media-text__media\"><img loading=\"lazy\" decoding=\"async\" width=\"1024\" height=\"576\" src=\"https:\/\/www.cca-acc.com\/wp-content\/uploads\/2022\/05\/Untitled-design-6-1024x576.png\" alt=\"\" class=\"wp-image-30782 size-full\" srcset=\"https:\/\/staging.cca-acc.com\/wp-content\/uploads\/2022\/05\/Untitled-design-6-1024x576.png 1024w, https:\/\/staging.cca-acc.com\/wp-content\/uploads\/2022\/05\/Untitled-design-6-600x338.png 600w, https:\/\/staging.cca-acc.com\/wp-content\/uploads\/2022\/05\/Untitled-design-6-300x169.png 300w, https:\/\/staging.cca-acc.com\/wp-content\/uploads\/2022\/05\/Untitled-design-6-768x432.png 768w, https:\/\/staging.cca-acc.com\/wp-content\/uploads\/2022\/05\/Untitled-design-6-1536x864.png 1536w, https:\/\/staging.cca-acc.com\/wp-content\/uploads\/2022\/05\/Untitled-design-6-1200x675.png 1200w, https:\/\/staging.cca-acc.com\/wp-content\/uploads\/2022\/05\/Untitled-design-6.png 1600w\" sizes=\"auto, (max-width: 1024px) 100vw, 1024px\" \/><\/figure><div class=\"wp-block-media-text__content\">\n<p>La campagne de l\u2019ACC<a rel=\"noreferrer noopener\" href=\"https:\/\/www.letalentasaplaceici.ca\/\" data-type=\"URL\" data-id=\"https:\/\/www.letalentasaplaceici.ca\/\" target=\"_blank\"> <strong>Le talent a sa place ici<\/strong><\/a><strong> <\/strong>vise \u00e0modifier la perception \u00e0 l\u2019\u00e9gard de l\u2019industrie et \u00e0 cr\u00e9er un lien \u00e9motionnel avec les carri\u00e8res en construction, afin d\u2019inspirer une nouvelle g\u00e9n\u00e9ration de travailleurs de la construction \u00e0 trouver leur place dans une carri\u00e8re enrichissante. Participez \u00e0 notre campagne et mettez en lumi\u00e8re votre entreprise en tant qu\u2019employeur de choix!<\/p>\n<\/div><\/div>\n\n\n\n<div class=\"wp-block-media-text alignwide is-stacked-on-mobile\" style=\"grid-template-columns:25% auto\"><figure class=\"wp-block-media-text__media\"><img loading=\"lazy\" decoding=\"async\" width=\"1024\" height=\"576\" src=\"https:\/\/www.cca-acc.com\/wp-content\/uploads\/2022\/05\/Untitled-design-4-1024x576.png\" alt=\"\" class=\"wp-image-30756 size-full\" srcset=\"https:\/\/staging.cca-acc.com\/wp-content\/uploads\/2022\/05\/Untitled-design-4-1024x576.png 1024w, https:\/\/staging.cca-acc.com\/wp-content\/uploads\/2022\/05\/Untitled-design-4-600x338.png 600w, https:\/\/staging.cca-acc.com\/wp-content\/uploads\/2022\/05\/Untitled-design-4-300x169.png 300w, https:\/\/staging.cca-acc.com\/wp-content\/uploads\/2022\/05\/Untitled-design-4-768x432.png 768w, https:\/\/staging.cca-acc.com\/wp-content\/uploads\/2022\/05\/Untitled-design-4-1536x864.png 1536w, https:\/\/staging.cca-acc.com\/wp-content\/uploads\/2022\/05\/Untitled-design-4-1200x675.png 1200w, https:\/\/staging.cca-acc.com\/wp-content\/uploads\/2022\/05\/Untitled-design-4.png 1600w\" sizes=\"auto, (max-width: 1024px) 100vw, 1024px\" \/><\/figure><div class=\"wp-block-media-text__content\">\n<p>L\u2019ACC fait pression sur le gouvernement f\u00e9d\u00e9ral en faveur de politiques d\u2019immigration qui aideront \u00e0 att\u00e9nuer les p\u00e9nuries de main-d\u2019\u0153uvre que conna\u00eet l\u2019industrie. Ce dossier avance favorablement, notamment avec les modifications annonc\u00e9es r\u00e9cemment au <strong>Programme des travailleurs \u00e9trangers temporaires<\/strong>.<\/p>\n<\/div><\/div>\n\n\n\n<div class=\"wp-block-media-text alignwide is-stacked-on-mobile\" style=\"grid-template-columns:25% auto\"><figure class=\"wp-block-media-text__media\"><img loading=\"lazy\" decoding=\"async\" width=\"1024\" height=\"576\" src=\"https:\/\/www.cca-acc.com\/wp-content\/uploads\/2021\/12\/Pomerleau_GS_2021-1275px-x-717-1024x576.jpg\" alt=\"\" class=\"wp-image-26250 size-full\" srcset=\"https:\/\/staging.cca-acc.com\/wp-content\/uploads\/2021\/12\/Pomerleau_GS_2021-1275px-x-717-1024x576.jpg 1024w, https:\/\/staging.cca-acc.com\/wp-content\/uploads\/2021\/12\/Pomerleau_GS_2021-1275px-x-717-600x337.jpg 600w, https:\/\/staging.cca-acc.com\/wp-content\/uploads\/2021\/12\/Pomerleau_GS_2021-1275px-x-717-300x169.jpg 300w, https:\/\/staging.cca-acc.com\/wp-content\/uploads\/2021\/12\/Pomerleau_GS_2021-1275px-x-717-768x432.jpg 768w, https:\/\/staging.cca-acc.com\/wp-content\/uploads\/2021\/12\/Pomerleau_GS_2021-1275px-x-717-1200x675.jpg 1200w, https:\/\/staging.cca-acc.com\/wp-content\/uploads\/2021\/12\/Pomerleau_GS_2021-1275px-x-717.jpg 1275w\" sizes=\"auto, (max-width: 1024px) 100vw, 1024px\" \/><\/figure><div class=\"wp-block-media-text__content\">\n<p>En int\u00e9grant le <strong><a href=\"https:\/\/www.cca-acc.com\/fr\/excellence-de-la-main-doeuvre\/sceau-dor\/\" data-type=\"URL\" data-id=\"https:\/\/www.cca-acc.com\/fr\/excellence-de-la-main-doeuvre\/sceau-dor\/\" target=\"_blank\" rel=\"noreferrer noopener\">Programme de certification Sceau d\u2019or de l\u2019ACC<\/a> <\/strong>\u00e0 votre culture d\u2019entreprise, votre organisation peut am\u00e9liorer le recrutement et la r\u00e9tention de travailleurs qualifi\u00e9s et obtenir une reconnaissance pr\u00e9cieuse en appuyant le programme de certification le plus respect\u00e9 de l\u2019industrie de la construction.<\/p>\n<\/div><\/div>\n\n\n\n<hr class=\"wp-block-separator\"\/>\n\n\n\n<h3 class=\"has-text-align-center wp-block-heading\"><strong>R\u00e9duire les risques et am\u00e9liorer les pratiques en mati\u00e8re d\u2019approvisionnement<\/strong><\/h3>\n\n\n\n<div class=\"wp-block-media-text alignwide is-stacked-on-mobile\" style=\"grid-template-columns:25% auto\"><figure class=\"wp-block-media-text__media\"><img loading=\"lazy\" decoding=\"async\" width=\"539\" height=\"303\" src=\"https:\/\/www.cca-acc.com\/wp-content\/uploads\/2022\/05\/ccdcAll-3.jpg\" alt=\"\" class=\"wp-image-30780 size-full\" srcset=\"https:\/\/staging.cca-acc.com\/wp-content\/uploads\/2022\/05\/ccdcAll-3.jpg 539w, https:\/\/staging.cca-acc.com\/wp-content\/uploads\/2022\/05\/ccdcAll-3-300x169.jpg 300w\" sizes=\"auto, (max-width: 539px) 100vw, 539px\" \/><\/figure><div class=\"wp-block-media-text__content\">\n<p>En partenariat avec les trois autres organisations nationales qui font partie du<a rel=\"noreferrer noopener\" href=\"https:\/\/www.ccdc.org\/fr\/\" data-type=\"URL\" data-id=\"https:\/\/www.ccdc.org\/fr\/\" target=\"_blank\"> <strong>Comit\u00e9 canadien des documents de construction (CCDC)<\/strong><\/a>, l\u2019ACC continue d\u2019\u00e9laborer, de r\u00e9viser et de publier des documents normalis\u00e9s de construction, dont des contrats, des formulaires et des guides auxquels vous pouvez faire confiance; ces documents visent \u00e0 r\u00e9partir \u00e9quitablement les risques et \u00e0 simplifier le processus d\u2019appel d\u2019offres et de passation de contrats. Les membres de l\u2019ACC b\u00e9n\u00e9ficient \u00e9galement de prix sp\u00e9ciaux lorsqu\u2019ils ach\u00e8tent ces documents aupr\u00e8s de leur association locale de la construction. <\/p>\n<\/div><\/div>\n\n\n\n<div class=\"wp-block-media-text alignwide is-stacked-on-mobile\" style=\"grid-template-columns:25% auto\"><figure class=\"wp-block-media-text__media\"><img loading=\"lazy\" decoding=\"async\" width=\"1024\" height=\"538\" src=\"https:\/\/www.cca-acc.com\/wp-content\/uploads\/2022\/05\/cropped-CCDCWEBINAR-1200x1200-630-FR2-1024x538.jpg\" alt=\"\" class=\"wp-image-30715 size-full\" srcset=\"https:\/\/staging.cca-acc.com\/wp-content\/uploads\/2022\/05\/cropped-CCDCWEBINAR-1200x1200-630-FR2-1024x538.jpg 1024w, https:\/\/staging.cca-acc.com\/wp-content\/uploads\/2022\/05\/cropped-CCDCWEBINAR-1200x1200-630-FR2-600x315.jpg 600w, https:\/\/staging.cca-acc.com\/wp-content\/uploads\/2022\/05\/cropped-CCDCWEBINAR-1200x1200-630-FR2-300x158.jpg 300w, https:\/\/staging.cca-acc.com\/wp-content\/uploads\/2022\/05\/cropped-CCDCWEBINAR-1200x1200-630-FR2-768x403.jpg 768w, https:\/\/staging.cca-acc.com\/wp-content\/uploads\/2022\/05\/cropped-CCDCWEBINAR-1200x1200-630-FR2.jpg 1200w\" sizes=\"auto, (max-width: 1024px) 100vw, 1024px\" \/><\/figure><div class=\"wp-block-media-text__content\">\n<p>Pour faciliter l\u2019acc\u00e8s aux documents du CCDC et leur utilisation, l\u2019ACC offre une <strong><a rel=\"noreferrer noopener\" href=\"https:\/\/www.ccdc.org\/fr\/nouvelles-et-evenements\/\" data-type=\"URL\" data-id=\"https:\/\/www.ccdc.org\/fr\/nouvelles-et-evenements\/\" target=\"_blank\">s\u00e9rie de webinaires sur les documents du CCDC<\/a><\/strong> afin de fournir des renseignements et des conseils sur le contenu et l\u2019utilisation de nos documents de construction normalis\u00e9s. <\/p>\n<\/div><\/div>\n\n\n\n<hr class=\"wp-block-separator\"\/>\n\n\n\n<h3 class=\"has-text-align-center wp-block-heading\"><strong>R\u00e9clamer des investissements accrus et \u00e0 long terme dans les infrastructures.<\/strong><\/h3>\n\n\n\n<div class=\"wp-block-media-text alignwide is-stacked-on-mobile\" style=\"grid-template-columns:25% auto\"><figure class=\"wp-block-media-text__media\"><img loading=\"lazy\" decoding=\"async\" width=\"1024\" height=\"538\" src=\"https:\/\/www.cca-acc.com\/wp-content\/uploads\/2022\/05\/cropped-GettyImages-1305827806-1200x1200-1-1024x538.jpg\" alt=\"\" class=\"wp-image-30694 size-full\" srcset=\"https:\/\/staging.cca-acc.com\/wp-content\/uploads\/2022\/05\/cropped-GettyImages-1305827806-1200x1200-1-1024x538.jpg 1024w, https:\/\/staging.cca-acc.com\/wp-content\/uploads\/2022\/05\/cropped-GettyImages-1305827806-1200x1200-1-600x315.jpg 600w, https:\/\/staging.cca-acc.com\/wp-content\/uploads\/2022\/05\/cropped-GettyImages-1305827806-1200x1200-1-300x158.jpg 300w, https:\/\/staging.cca-acc.com\/wp-content\/uploads\/2022\/05\/cropped-GettyImages-1305827806-1200x1200-1-768x403.jpg 768w, https:\/\/staging.cca-acc.com\/wp-content\/uploads\/2022\/05\/cropped-GettyImages-1305827806-1200x1200-1.jpg 1200w\" sizes=\"auto, (max-width: 1024px) 100vw, 1024px\" \/><\/figure><div class=\"wp-block-media-text__content\">\n<p>La relance \u00e9conomique \u00e9tant une priorit\u00e9 absolue pour tous les Canadiens, l\u2019ACC continue de demander au gouvernement f\u00e9d\u00e9ral d\u2019<strong><a rel=\"noreferrer noopener\" href=\"https:\/\/www.cca-acc.com\/fr\/defense-des-interets\/impliquez-vous\/investir-dans-le-canada\/\" data-type=\"URL\" data-id=\"https:\/\/www.cca-acc.com\/fr\/defense-des-interets\/impliquez-vous\/investir-dans-le-canada\/\" target=\"_blank\">Investir dans le Canada. Investir dans les Canadiens. Investir dans les infrastructures<\/a><\/strong>. Il est temps d\u2019agir et d\u2019investir afin d\u2019aider les citoyens, les entreprises, les familles et les collectivit\u00e9s \u00e0 prosp\u00e9rer maintenant et dans l\u2019avenir.<\/p>\n<\/div><\/div>\n\n\n\n<div class=\"wp-block-media-text alignwide is-stacked-on-mobile\" style=\"grid-template-columns:25% auto\"><figure class=\"wp-block-media-text__media\"><img loading=\"lazy\" decoding=\"async\" width=\"1024\" height=\"536\" src=\"https:\/\/www.cca-acc.com\/wp-content\/uploads\/2022\/05\/CWF_ShovelWorthyReport_SocialPost_ReportTitle-1024x536.png\" alt=\"\" class=\"wp-image-30767 size-full\" srcset=\"https:\/\/staging.cca-acc.com\/wp-content\/uploads\/2022\/05\/CWF_ShovelWorthyReport_SocialPost_ReportTitle-1024x536.png 1024w, https:\/\/staging.cca-acc.com\/wp-content\/uploads\/2022\/05\/CWF_ShovelWorthyReport_SocialPost_ReportTitle-600x314.png 600w, https:\/\/staging.cca-acc.com\/wp-content\/uploads\/2022\/05\/CWF_ShovelWorthyReport_SocialPost_ReportTitle-300x157.png 300w, https:\/\/staging.cca-acc.com\/wp-content\/uploads\/2022\/05\/CWF_ShovelWorthyReport_SocialPost_ReportTitle-768x402.png 768w, https:\/\/staging.cca-acc.com\/wp-content\/uploads\/2022\/05\/CWF_ShovelWorthyReport_SocialPost_ReportTitle.png 1200w\" sizes=\"auto, (max-width: 1024px) 100vw, 1024px\" \/><\/figure><div class=\"wp-block-media-text__content\">\n<p>En partenariat avec la Western Canada Roadbuilders and Heavy Construction Association (WCR&amp;HCA), l\u2019ACC attire davantage l\u2019attention sur l\u2019urgence d\u2019investir dans les infrastructures commerciales et sur les avantages socio\u00e9conomiques qui d\u00e9coulent de tels investissements. La Canada West Foundation a r\u00e9cemment publi\u00e9 un nouveau rapport, <strong><a rel=\"noreferrer noopener\" href=\"https:\/\/cwf.ca\/research\/publications\/new-report-from-shovel-ready-to-shovel-worthy\/\" data-type=\"URL\" data-id=\"https:\/\/cwf.ca\/research\/publications\/new-report-from-shovel-ready-to-shovel-worthy\/\" target=\"_blank\">Shovel Ready to Shovel Worthy: The path to a national trade infrastructure plan<\/a><\/strong><em>,<\/em> financ\u00e9 en partie par l\u2019ACC.<\/p>\n<\/div><\/div>\n\n\n\n<hr class=\"wp-block-separator\"\/>\n\n\n\n<h3 class=\"alignwide has-text-align-center wp-block-heading\">Merci d\u2019appuyer votre association nationale afin que nous puissions continuer de faire un travail utile et important en votre nom pour faire avancer les dossiers qui vous int\u00e9ressent. Pour vous impliquer ou en savoir plus, veuillez envoyer un courriel \u00e0 <a href=\"mailto:cca@cca-acc.com\">cca@cca-acc.com<\/a> et un membre du personnel se fera un plaisir de vous aider!<\/h3>\n","protected":false},"excerpt":{"rendered":"<p>L\u2019Association canadienne de la construction (ACC) s\u2019emploie activement \u00e0 favoriser le succ\u00e8s de l\u2019industrie nationale de la construction en concentrant ses efforts sur ce qui suit: Attirer et retenir la main-d\u2019\u0153uvre dont nous avons besoin. La campagne de l\u2019ACC Le talent a sa place ici vise \u00e0modifier la perception \u00e0 l\u2019\u00e9gard de l\u2019industrie et \u00e0 [&hellip;]<\/p>\n","protected":false},"author":21,"featured_media":30756,"parent":15804,"menu_order":0,"comment_status":"closed","ping_status":"closed","template":"","meta":{"_acf_changed":false,"footnotes":""},"class_list":["post-30777","page","type-page","status-publish","has-post-thumbnail","hentry"],"acf":[],"_links":{"self":[{"href":"https:\/\/staging.cca-acc.com\/fr\/wp-json\/wp\/v2\/pages\/30777","targetHints":{"allow":["GET"]}}],"collection":[{"href":"https:\/\/staging.cca-acc.com\/fr\/wp-json\/wp\/v2\/pages"}],"about":[{"href":"https:\/\/staging.cca-acc.com\/fr\/wp-json\/wp\/v2\/types\/page"}],"author":[{"embeddable":true,"href":"https:\/\/staging.cca-acc.com\/fr\/wp-json\/wp\/v2\/users\/21"}],"replies":[{"embeddable":true,"href":"https:\/\/staging.cca-acc.com\/fr\/wp-json\/wp\/v2\/comments?post=30777"}],"version-history":[{"count":2,"href":"https:\/\/staging.cca-acc.com\/fr\/wp-json\/wp\/v2\/pages\/30777\/revisions"}],"predecessor-version":[{"id":46411,"href":"https:\/\/staging.cca-acc.com\/fr\/wp-json\/wp\/v2\/pages\/30777\/revisions\/46411"}],"up":[{"embeddable":true,"href":"https:\/\/staging.cca-acc.com\/fr\/wp-json\/wp\/v2\/pages\/15804"}],"wp:featuredmedia":[{"embeddable":true,"href":"https:\/\/staging.cca-acc.com\/fr\/wp-json\/wp\/v2\/media\/30756"}],"wp:attachment":[{"href":"https:\/\/staging.cca-acc.com\/fr\/wp-json\/wp\/v2\/media?parent=30777"}],"curies":[{"name":"wp","href":"https:\/\/api.w.org\/{rel}","templated":true}]}}