{"id":16907,"date":"2020-06-09T14:19:56","date_gmt":"2020-06-09T14:19:56","guid":{"rendered":"https:\/\/www.cca-acc.com\/services-axes-sur-les-pratiques-exemplaires\/institut-canadien-de-design-construction\/prix\/past-recipients\/"},"modified":"2021-04-28T11:24:19","modified_gmt":"2021-04-28T15:24:19","slug":"laureats-precedents","status":"publish","type":"page","link":"https:\/\/staging.cca-acc.com\/fr\/services-axes-sur-les-pratiques-exemplaires\/institut-canadien-de-design-construction\/prix\/laureats-precedents\/","title":{"rendered":"Laur\u00e9ats pr\u00e9c\u00e9dents"},"content":{"rendered":"\n<h2 class=\"wp-block-heading\">Prix d\u2019excellence en design-construction de l\u2019ICDC de 2019<\/h2>\n\n\n\n<div class=\"wp-block-group alignfull\"><div class=\"wp-block-group__inner-container is-layout-flow wp-block-group-is-layout-flow\">\n<h3 class=\"wp-block-heading\">Projet d\u2019\u00e9changeurs Warman et Martensville<\/h3>\n\n\n\n<div class=\"wp-block-columns is-layout-flex wp-container-core-columns-is-layout-9d6595d7 wp-block-columns-is-layout-flex\">\n<div class=\"wp-block-column is-layout-flow wp-block-column-is-layout-flow\">\n<p>Peter Kiewit Sons ULC a re\u00e7u le Prix d\u2019excellence en design-construction de l\u2019ICDC de 2019 pour la conception et la construction du projet d\u2019\u00e9changeurs Warman et Martensville. Ce projet de 61,5 millions de dollars en Saskatchewan a \u00e9t\u00e9 un exemple de leadership coh\u00e9rent et de conception innovatrice.<\/p>\n\n\n\n<p style=\"font-size:16px\"><strong>Endroit&nbsp;:<\/strong> Saskatoon, Saskatchewan<br><strong>Date d\u2019ach\u00e8vement&nbsp;:<\/strong> Janvier 2019<br><strong>Ma\u00eetre d\u2019ouvrage&nbsp;:<\/strong> Minist\u00e8re de la Voirie et de l\u2019Infrastructure de la Saskatchewan<br><strong>Personne-ressource&nbsp;:<\/strong> Andrew Schumacher<br><strong>\u00c9quipe de design-construction&nbsp;:<\/strong> Peter Kiewit Sons ULC, Kiewit Engineering Group Inc., McElhanney Engineering Services Ltd.<\/p>\n<\/div>\n\n\n\n<div class=\"wp-block-column is-layout-flow wp-block-column-is-layout-flow\">\n<figure class=\"wp-block-embed-youtube wp-block-embed is-type-video is-provider-youtube wp-embed-aspect-16-9 wp-has-aspect-ratio\"><div class=\"wp-block-embed__wrapper\">\n<iframe loading=\"lazy\" title=\"CDBI 2019 Award winner - Kiewit | Laureat du Prix de 2019 de lICDC - Kiewit\" width=\"580\" height=\"326\" src=\"https:\/\/www.youtube.com\/embed\/S9LI7zvcU88?feature=oembed\" frameborder=\"0\" allow=\"accelerometer; autoplay; clipboard-write; encrypted-media; gyroscope; picture-in-picture; web-share\" referrerpolicy=\"strict-origin-when-cross-origin\" allowfullscreen><\/iframe>\n<\/div><\/figure>\n\n\n\n<figure class=\"wp-block-embed-youtube wp-block-embed is-type-video is-provider-youtube wp-embed-aspect-16-9 wp-has-aspect-ratio\"><div class=\"wp-block-embed__wrapper\">\n<iframe loading=\"lazy\" title=\"Interview with CDBI 2019 Award winner - Kiewit | Laureat du Prix de 2019 de lICDC - Kiewit\" width=\"580\" height=\"326\" src=\"https:\/\/www.youtube.com\/embed\/8R_kLzeW36k?feature=oembed\" frameborder=\"0\" allow=\"accelerometer; autoplay; clipboard-write; encrypted-media; gyroscope; picture-in-picture; web-share\" referrerpolicy=\"strict-origin-when-cross-origin\" allowfullscreen><\/iframe>\n<\/div><\/figure>\n\n\n\n<p><\/p>\n<\/div>\n<\/div>\n<\/div><\/div>\n\n\n\n<div class=\"wp-block-group alignfull has-ccp-light-gray-background-color has-background\"><div class=\"wp-block-group__inner-container is-layout-flow wp-block-group-is-layout-flow\">\n<h3 class=\"wp-block-heading\">Projet d\u2019infrastructure \u00e0 l\u2019appui des v\u00e9hicules blind\u00e9s tactiques de patrouille (VBTP)<\/h3>\n\n\n\n<div class=\"wp-block-columns is-layout-flex wp-container-core-columns-is-layout-9d6595d7 wp-block-columns-is-layout-flex\">\n<div class=\"wp-block-column is-layout-flow wp-block-column-is-layout-flow\">\n<p>PCL Constructors Canada Inc. a re\u00e7u le Prix d\u2019excellence en design-construction de l\u2019ICDC de 2019 pour le projet de d\u00e9veloppement d\u2019infrastructure \u00e0 l\u2019appui des v\u00e9hicules blind\u00e9s tactiques de patrouille \u00e0 la Base de soutien de la 5<sup>e<\/sup> Division du Canada Gagetown au Nouveau-Brunswick. Le projet a \u00e9t\u00e9 r\u00e9alis\u00e9 en ayant recours \u00e0 la m\u00e9thode de design-construction modifi\u00e9 et a mis en valeur des pratiques exemplaires et des innovations en mati\u00e8re de design-construction.<\/p>\n\n\n\n<p style=\"font-size:16px\"><strong>Endroit&nbsp;: <\/strong>Gagetown, Oromocto, N.-B.<br><strong>Date d\u2019ach\u00e8vement&nbsp;:<\/strong> Juin 2017<br><strong>Ma\u00eetre d\u2019ouvrage&nbsp;: <\/strong>Minist\u00e8re de la D\u00e9fense nationale<br><strong>Personne-ressource&nbsp;:<\/strong> John Young<br><strong>\u00c9quipe de design-construction&nbsp;: <\/strong>PCL Constructors Canada, Stantec Consulting Ltd.<\/p>\n<\/div>\n\n\n\n<div class=\"wp-block-column is-layout-flow wp-block-column-is-layout-flow\">\n<figure class=\"wp-block-embed-youtube wp-block-embed is-type-video is-provider-youtube wp-embed-aspect-16-9 wp-has-aspect-ratio\"><div class=\"wp-block-embed__wrapper\">\n<iframe loading=\"lazy\" title=\"CDBI 2019 Award winner PCL | Laureat du Prix de 2019 de l&#039;ICDC - PCL\" width=\"580\" height=\"326\" src=\"https:\/\/www.youtube.com\/embed\/eywUi9xLaGo?feature=oembed\" frameborder=\"0\" allow=\"accelerometer; autoplay; clipboard-write; encrypted-media; gyroscope; picture-in-picture; web-share\" referrerpolicy=\"strict-origin-when-cross-origin\" allowfullscreen><\/iframe>\n<\/div><\/figure>\n\n\n\n<figure class=\"wp-block-embed-youtube wp-block-embed is-type-video is-provider-youtube wp-embed-aspect-16-9 wp-has-aspect-ratio\"><div class=\"wp-block-embed__wrapper\">\n<iframe loading=\"lazy\" title=\"Interview with CDBI 2019 Award winner PCL | Laureat du Prix de 2019 de l&#039;ICDC - PCL\" width=\"580\" height=\"326\" src=\"https:\/\/www.youtube.com\/embed\/ebthbytDTZI?feature=oembed\" frameborder=\"0\" allow=\"accelerometer; autoplay; clipboard-write; encrypted-media; gyroscope; picture-in-picture; web-share\" referrerpolicy=\"strict-origin-when-cross-origin\" allowfullscreen><\/iframe>\n<\/div><\/figure>\n\n\n\n<p><\/p>\n<\/div>\n<\/div>\n<\/div><\/div>\n\n\n\n<hr class=\"wp-block-separator\"\/>\n\n\n\n<h3 class=\"wp-block-heading\">Laur\u00e9at du Prix d\u2019excellence en design-construction de l\u2019ICDC de 2019<\/h3>\n\n\n\n<p>Projet d\u2019\u00e9changeurs Warman et Martensville<\/p>\n\n\n\n<p>Endroit&nbsp;: Saskatoon, SK<\/p>\n\n\n\n<p>Date&nbsp;: Janvier 2019<\/p>\n\n\n\n<p>Ma\u00eetre d\u2019ouvrage&nbsp;: Minist\u00e8re de la Voirie et de l\u2019Infrastructure de la Saskatchewan<\/p>\n\n\n\n<p>Contact&nbsp;: Andrew Schumacher<\/p>\n\n\n\n<p>\u00c9quipe&nbsp;: Peter Kiewit Sons ULC, Kiewit Engineering Group Inc., McElhanney Engineering Services Ltd.<\/p>\n\n\n\n<h3 class=\"wp-block-heading\">Laur\u00e9at du Prix d\u2019excellence en design-construction de l\u2019ICDC de 2019<\/h3>\n\n\n\n<p>Projet d\u2019infrastructure \u00e0 l\u2019appui des v\u00e9hicules blind\u00e9s tactiques de patrouille (VBTP)<\/p>\n\n\n\n<p>Endroit&nbsp;: Gagetown, Oromocto, NB<\/p>\n\n\n\n<p>Date&nbsp;: Juin 2017<\/p>\n\n\n\n<p>Ma\u00eetre d\u2019ouvrage&nbsp;: Minist\u00e8re de la D\u00e9fense nationale<\/p>\n\n\n\n<p>Contact&nbsp;: John Young<\/p>\n\n\n\n<p>\u00c9quipe\u00a0: PCL Constructors Canada, Stantec Consulting Ltd.<\/p>\n\n\n\n<hr class=\"wp-block-separator\"\/>\n\n\n\n<h3 class=\"wp-block-heading\">Laur\u00e9at du Prix d\u2019excellence en design-construction de l\u2019ICDC de 2018 \u2013 Cat\u00e9gorie \u00ab\u202fgrand projet structurel\u202f\u00bb<\/h3>\n\n\n\n<p>Projet de remplacement du pont Vedder<\/p>\n\n\n\n<p>Endroit&nbsp;: Chilliwak, C.-B<\/p>\n\n\n\n<p>Date&nbsp;: Novembre 2017<\/p>\n\n\n\n<p>Ma\u00eetre d\u2019ouvrage&nbsp;: Ville de Chilliwack<\/p>\n\n\n\n<p>Contact&nbsp;: Brian Atwell<\/p>\n\n\n\n<p>\u00c9quipe&nbsp;: Emil Anderson Construction (EAC) Inc., Klohn Crippen Berger Ltd. et Urban Systems Ltd.<\/p>\n\n\n\n<h3 class=\"wp-block-heading\">Laur\u00e9at du Prix d\u2019excellence en design-construction de l\u2019ICDC de 2018 \u2013 Cat\u00e9gorie \u00ab b\u00e2timent \u00bb<\/h3>\n\n\n\n<p>Mus\u00e9e royal de l\u2019Alberta<\/p>\n\n\n\n<p>Endroit&nbsp;: Edmonton, Alberta<\/p>\n\n\n\n<p>Date&nbsp;: Novembre 2016<\/p>\n\n\n\n<p>Ma\u00eetre d\u2019ouvrage&nbsp;: Alberta Infrastructure<\/p>\n\n\n\n<p>Contact&nbsp;: Mike Roper<\/p>\n\n\n\n<p>\u00c9quipe\u00a0: Ledcor Design-Build (Alberta) Inc., DIALOG et Lundholm Assoc<\/p>\n\n\n\n<hr class=\"wp-block-separator\"\/>\n\n\n\n<h3 class=\"wp-block-heading\">2017 Laur\u00e9at du Prix d\u2019excellence en design-construction de l\u2019ICDC \u2013 Cat\u00e9gorie \u00ab b\u00e2timent \u00bb<\/h3>\n\n\n\n<figure class=\"wp-block-image\"><a href=\"https:\/\/www.cdbi.org\/wp-content\/uploads\/2017\/10\/IHSC3.jpg\"><img decoding=\"async\" src=\"https:\/\/www.cdbi.org\/wp-content\/uploads\/2017\/10\/IHSC3.jpg\" alt=\"slide_sample3\" title=\"slide_sample3\"\/><\/a><\/figure>\n\n\n\n<p>Interior Heart and Surgical Centre<\/p>\n\n\n\n<p>Endroit&nbsp;: Kelowna, C.-B.<\/p>\n\n\n\n<p>Date&nbsp;: Janvier 2016<\/p>\n\n\n\n<p>Ma\u00eetre d\u2019ouvrage&nbsp;: Interior Health Authority<\/p>\n\n\n\n<p>Contact&nbsp;: Sean Hamelin<\/p>\n\n\n\n<p>\u00c9quipe&nbsp;: PCL Constructors Westcoast Inc. et HDR \/ CEI Architecture Associates Inc.<\/p>\n\n\n\n<h3 class=\"wp-block-heading\">2017 Laur\u00e9at du Prix d\u2019excellence en design-construction de l\u2019ICDC \u2013 Cat\u00e9gorie \u00ab infrastructure \u00bb<\/h3>\n\n\n\n<figure class=\"wp-block-image\"><a href=\"https:\/\/www.cdbi.org\/wp-content\/uploads\/2017\/10\/EvergreenLine2.jpg\"><img decoding=\"async\" src=\"https:\/\/www.cdbi.org\/wp-content\/uploads\/2017\/10\/EvergreenLine2.jpg\" alt=\"slide_sample2\" title=\"slide_sample2\"\/><\/a><\/figure>\n\n\n\n<p>Projet de transport de la ligne Evergreen<\/p>\n\n\n\n<p>Endroit&nbsp;: Metro Vancouver, C.-B.<\/p>\n\n\n\n<p>Date&nbsp;: Vers la fin de 2016<\/p>\n\n\n\n<p>Ma\u00eetre d\u2019ouvrage&nbsp;: Province de la Colombie-Britannique<\/p>\n\n\n\n<p>Contact&nbsp;: Dave Weatherby<\/p>\n\n\n\n<p>\u00c9quipe\u00a0: SNC Lavalin Constructors (Pacific) Inc. et MMM Group\u00a0<\/p>\n\n\n\n<hr class=\"wp-block-separator\"\/>\n\n\n\n<h3 class=\"wp-block-heading\">2016 Prix d\u2019excellence de l\u2019ICDC \u2013 Grand prix<\/h3>\n\n\n\n<figure class=\"wp-block-image\"><a href=\"https:\/\/www.cdbi.org\/wp-content\/uploads\/2016\/10\/Sechelt2.jpg\"><img decoding=\"async\" src=\"https:\/\/www.cdbi.org\/wp-content\/uploads\/2016\/10\/Sechelt2.jpg\" alt=\"slide_sample2\" title=\"slide_sample2\"\/><\/a><\/figure>\n\n\n\n<p>Sechelt Water Resource Centre<\/p>\n\n\n\n<p>Endroit&nbsp;: Sechelt, C.-B.<\/p>\n\n\n\n<p>Date&nbsp;: 2015<\/p>\n\n\n\n<p>Ma\u00eetre d\u2019ouvrage&nbsp;: Le district de Sechelt<\/p>\n\n\n\n<p>Contact&nbsp;: Andrew Ambrozy<\/p>\n\n\n\n<p>\u00c9quipe&nbsp;: Maple Reinders Inc. et Urban Systems Ltd.<\/p>\n\n\n\n<h3 class=\"wp-block-heading\">2016 Prix d\u2019excellence de l\u2019ICDC \u2013 Cat\u00e9gorie \u00ab projet \u00e0 vocation particuli\u00e8re \u00bb<\/h3>\n\n\n\n<figure class=\"wp-block-image\"><a href=\"https:\/\/www.cdbi.org\/wp-content\/uploads\/2016\/10\/CSEC2.jpg\"><img decoding=\"async\" src=\"https:\/\/www.cdbi.org\/wp-content\/uploads\/2016\/10\/CSEC2.jpg\" alt=\"slide_sample2\" title=\"slide_sample2\"\/><\/a><\/figure>\n\n\n\n<p>L&#8217;installation \u00e0 long terme du Centre de la s\u00e9curit\u00e9 des t\u00e9l\u00e9communications Canada<\/p>\n\n\n\n<p>Endroit&nbsp;: Ottawa, Ontario<\/p>\n\n\n\n<p>Date&nbsp;: 2014<\/p>\n\n\n\n<p>Ma\u00eetre d\u2019ouvrage&nbsp;: D\u00e9fense de construction Canada<\/p>\n\n\n\n<p>Contact&nbsp;: Kevin Skinner<\/p>\n\n\n\n<p>\u00c9quipe&nbsp;: PCL Constructors Canada Inc. et WZMH Architects<\/p>\n\n\n\n<h3 class=\"wp-block-heading\">2016 Prix d\u2019excellence de l\u2019ICDC \u2013 Cat\u00e9gorie \u00ab projet civil \u00bb<\/h3>\n\n\n\n<figure class=\"wp-block-image\"><a href=\"https:\/\/www.cdbi.org\/wp-content\/uploads\/2016\/10\/BowRiver2.jpg\"><img decoding=\"async\" src=\"https:\/\/www.cdbi.org\/wp-content\/uploads\/2016\/10\/BowRiver2.jpg\" alt=\"slide_sample2\" title=\"slide_sample2\"\/><\/a><\/figure>\n\n\n\n<p>La passerelle pour pi\u00e9tons au-dessus de la rivi\u00e8re Bow<\/p>\n\n\n\n<p>Endroit&nbsp;: Banff, Alberta<\/p>\n\n\n\n<p>Date&nbsp;: 2013<\/p>\n\n\n\n<p>Ma\u00eetre d\u2019ouvrage&nbsp;: La ville de Banff<\/p>\n\n\n\n<p>Contact&nbsp;: Gerald Epp<\/p>\n\n\n\n<p>\u00c9quipe&nbsp;: Structure Craft Builders Inc., Tritech Water Infrastructure Construction &amp; Design, BSEI Civil Engineering et Fast + Epp Structural Engineers<\/p>\n\n\n\n<h3 class=\"wp-block-heading\">2016 Prix d\u2019excellence de l\u2019ICDC \u2013 Cat\u00e9gorie \u00ab projet institutionnel \u00bb<\/h3>\n\n\n\n<figure class=\"wp-block-image\"><a href=\"https:\/\/www.cdbi.org\/wp-content\/uploads\/2016\/10\/SurreyPretrial2.jpg\"><img decoding=\"async\" src=\"https:\/\/www.cdbi.org\/wp-content\/uploads\/2016\/10\/SurreyPretrial2.jpg\" alt=\"slide_sample2\" title=\"slide_sample2\"\/><\/a><\/figure>\n\n\n\n<p>L&#8217;expansion du Surrey Pretrial Services Centre<\/p>\n\n\n\n<p>Endroit&nbsp;: Surrey, C.-B.<\/p>\n\n\n\n<p>Date&nbsp;: 2014<\/p>\n\n\n\n<p>Ma\u00eetre d\u2019ouvrage&nbsp;: Le minist\u00e8re de la Justice de la C.-B.<\/p>\n\n\n\n<p>Contact&nbsp;: Todd Craigen<\/p>\n\n\n\n<p>\u00c9quipe\u00a0: PCL Constructors Westcoast Inc. et DGBK Architects<\/p>\n\n\n\n<hr class=\"wp-block-separator\"\/>\n\n\n\n<h3 class=\"wp-block-heading\">2015 Prix d\u2019excellence de l\u2019ICDC \u2013 Grand prix<\/h3>\n\n\n\n<figure class=\"wp-block-image\"><a href=\"https:\/\/www.cdbi.org\/wp-content\/uploads\/2015\/10\/WIDC1.jpg\"><img decoding=\"async\" src=\"https:\/\/www.cdbi.org\/wp-content\/uploads\/2015\/10\/WIDC1.jpg?1619623273269\" alt=\"slide_sample1\" title=\"slide_sample1\"\/><\/a><\/figure>\n\n\n\n<p>Le projet Wood Innovation and Design Centre<\/p>\n\n\n\n<p>Endroit&nbsp;: Prince George, C.-B.<\/p>\n\n\n\n<p>Date&nbsp;: 31 octobre 2014<\/p>\n\n\n\n<p>Ma\u00eetre d\u2019ouvrage&nbsp;: Ministry of Jobs, Tourism &amp; Skills Training<\/p>\n\n\n\n<p>Contact&nbsp;: Sean Brock, 604-241-5253<\/p>\n\n\n\n<p>\u00c9quipe&nbsp;: PCL Constructors Westcoast Inc. et Michael Green Architecture Inc.<\/p>\n\n\n\n<h3 class=\"wp-block-heading\">2015 Prix d\u2019excellence de l\u2019ICDC \u2013 Deuxi\u00e8me place<\/h3>\n\n\n\n<figure class=\"wp-block-image\"><a href=\"https:\/\/www.cdbi.org\/wp-content\/uploads\/2015\/10\/RBRC1.jpg\"><img decoding=\"async\" src=\"https:\/\/www.cdbi.org\/wp-content\/uploads\/2015\/10\/RBRC1.jpg?1619623273272\" alt=\"slide_sample1\" title=\"slide_sample1\"\/><\/a><\/figure>\n\n\n\n<p>Le projet du corridor ferroviaire Roberts Bank<\/p>\n\n\n\n<p>Endroit&nbsp;: Surrey, C.-B.<\/p>\n\n\n\n<p>Date&nbsp;: 9 juillet 2014<\/p>\n\n\n\n<p>Ma\u00eetre d\u2019ouvrage&nbsp;: City of Surrey<\/p>\n\n\n\n<p>Contact&nbsp;: Jesse Percy, 604-985-0611<\/p>\n\n\n\n<p>\u00c9quipe\u00a0: BA Blacktop Ltd. et McElhanney Engineering Services<\/p>\n\n\n\n<hr class=\"wp-block-separator\"\/>\n\n\n\n<h3 class=\"wp-block-heading\">2014 Prix d\u2019excellence de l\u2019ICDC \u2013 Grand prix<\/h3>\n\n\n\n<figure class=\"wp-block-image\"><a href=\"https:\/\/www.cdbi.org\/wp-content\/uploads\/2014\/10\/Vista-steel-in-place_Aug-2013.jpg\"><img decoding=\"async\" src=\"https:\/\/www.cdbi.org\/wp-content\/uploads\/2014\/10\/Vista-steel-in-place_Aug-2013.jpg\" alt=\"slide_sample2\" title=\"slide_sample2\"\/><\/a><\/figure>\n\n\n\n<p>Glacier Skywalk<\/p>\n\n\n\n<p>Endroit&nbsp;: Jasper, Alberta<\/p>\n\n\n\n<p>Date&nbsp;: Oct 25, 2013<\/p>\n\n\n\n<p>Ma\u00eetre d\u2019ouvrage&nbsp;: Brewster Inc.<\/p>\n\n\n\n<p>Contact&nbsp;: Rob Otway 780-733-5955<\/p>\n\n\n\n<p>\u00c9quipe&nbsp;: PCL Construction Management Inc. &amp; Read Jones Christoffersen Ltd.<\/p>\n\n\n\n<h3 class=\"wp-block-heading\">2014 CDBI Prix d\u2019excellence de l\u2019ICDC \u2013 Deuxi\u00e8me place<\/h3>\n\n\n\n<figure class=\"wp-block-image\"><a href=\"https:\/\/www.cdbi.org\/wp-content\/uploads\/2014\/10\/construction_11.jpg\"><img decoding=\"async\" src=\"https:\/\/www.cdbi.org\/wp-content\/uploads\/2014\/10\/construction_11.jpg\" alt=\"slide_sample2\" title=\"slide_sample2\"\/><\/a><\/figure>\n\n\n\n<p>Durham College Centre for Food<\/p>\n\n\n\n<p>Endroit&nbsp;: Whitby, Ontario<\/p>\n\n\n\n<p>Date&nbsp;: August 31, 2013<\/p>\n\n\n\n<p>Ma\u00eetre d\u2019ouvrage&nbsp;: Durham College<\/p>\n\n\n\n<p>Contact&nbsp;: Steve Garritano 905-576-8642<\/p>\n\n\n\n<p>\u00c9quipe&nbsp;: Garritano Bros Ltd. &amp; Gow Hastings Architects<\/p>\n\n\n\n<h3 class=\"wp-block-heading\">2014 Prix d\u2019excellence de l\u2019ICDC \u2013 Troisieme place<\/h3>\n\n\n\n<figure class=\"wp-block-image\"><a href=\"https:\/\/www.cdbi.org\/wp-content\/uploads\/2014\/10\/DSC03247.jpg\"><img decoding=\"async\" src=\"https:\/\/www.cdbi.org\/wp-content\/uploads\/2014\/10\/DSC03247.jpg\" alt=\"slide_sample2\" title=\"slide_sample2\"\/><\/a><\/figure>\n\n\n\n<p>Quinte Consolidated Courthouse<\/p>\n\n\n\n<p>Endroit&nbsp;: Belleville, Ontario<\/p>\n\n\n\n<p>Date&nbsp;: July 2013<\/p>\n\n\n\n<p>Ma\u00eetre d\u2019ouvrage&nbsp;: Infrastructure Ontario<\/p>\n\n\n\n<p>Contact&nbsp;: Kevin Skinner 613-225-6130<\/p>\n\n\n\n<p>\u00c9quipe\u00a0: PCL Constructors Canada Inc. &amp; Halsall Inc.<\/p>\n\n\n\n<hr class=\"wp-block-separator\"\/>\n\n\n\n<p><\/p>\n","protected":false},"excerpt":{"rendered":"<p>Prix d\u2019excellence en design-construction de l\u2019ICDC de 2019 Projet d\u2019\u00e9changeurs Warman et Martensville Peter Kiewit Sons ULC a re\u00e7u le Prix d\u2019excellence en design-construction de l\u2019ICDC de 2019 pour la conception et la construction du projet d\u2019\u00e9changeurs Warman et Martensville. Ce projet de 61,5 millions de dollars en Saskatchewan a \u00e9t\u00e9 un exemple de leadership [&hellip;]<\/p>\n","protected":false},"author":1,"featured_media":0,"parent":16898,"menu_order":3,"comment_status":"closed","ping_status":"closed","template":"","meta":{"_acf_changed":false,"footnotes":""},"class_list":["post-16907","page","type-page","status-publish","hentry"],"acf":[],"_links":{"self":[{"href":"https:\/\/staging.cca-acc.com\/fr\/wp-json\/wp\/v2\/pages\/16907","targetHints":{"allow":["GET"]}}],"collection":[{"href":"https:\/\/staging.cca-acc.com\/fr\/wp-json\/wp\/v2\/pages"}],"about":[{"href":"https:\/\/staging.cca-acc.com\/fr\/wp-json\/wp\/v2\/types\/page"}],"author":[{"embeddable":true,"href":"https:\/\/staging.cca-acc.com\/fr\/wp-json\/wp\/v2\/users\/1"}],"replies":[{"embeddable":true,"href":"https:\/\/staging.cca-acc.com\/fr\/wp-json\/wp\/v2\/comments?post=16907"}],"version-history":[{"count":0,"href":"https:\/\/staging.cca-acc.com\/fr\/wp-json\/wp\/v2\/pages\/16907\/revisions"}],"up":[{"embeddable":true,"href":"https:\/\/staging.cca-acc.com\/fr\/wp-json\/wp\/v2\/pages\/16898"}],"wp:attachment":[{"href":"https:\/\/staging.cca-acc.com\/fr\/wp-json\/wp\/v2\/media?parent=16907"}],"curies":[{"name":"wp","href":"https:\/\/api.w.org\/{rel}","templated":true}]}}