{"id":16739,"date":"2022-09-21T15:26:29","date_gmt":"2022-09-21T19:26:29","guid":{"rendered":"https:\/\/www.cca-acc.com\/workforce-excellence\/sceau-dor\/fournisseur-de-cours\/apply-for-accreditation\/"},"modified":"2024-05-31T15:26:41","modified_gmt":"2024-05-31T19:26:41","slug":"presenter-une-demande-daccreditation","status":"publish","type":"page","link":"https:\/\/staging.cca-acc.com\/fr\/sceau-dor\/programme-daccreditation\/presenter-une-demande-daccreditation\/","title":{"rendered":"Pr\u00e9senter une demande d\u2019accr\u00e9ditation"},"content":{"rendered":"\n<h3 class=\"wp-block-heading\">Processus d\u2019accr\u00e9ditation<\/h3>\n\n\n\n<p>Les demandes d\u2019accr\u00e9ditation sont trait\u00e9es une fois par semaine. Les fournisseurs de cours recevront un courriel d&#8217;approbation avec un certificat d&#8217;accr\u00e9ditation s&#8217;ils sont approuv\u00e9s. Veuillez conserver un dossier des dates d\u2019expiration de vos cours accr\u00e9dit\u00e9s et renouveler votre accr\u00e9ditation avant la date d\u2019expiration. Les cours sont publi\u00e9s sur la page de <a href=\"https:\/\/www.cca-acc.com\/fr\/excellence-de-la-main-doeuvre\/sceau-dor\/fournisseur-de-cours\/formation-accreditee\/\">formation accr\u00e9dit\u00e9e<\/a> environ 1 \u00e0 2&nbsp;semaines apr\u00e8s leur approbation.<\/p>\n\n\n\n<h3 class=\"wp-block-heading\">Soumettez une demande d&#8217;accr\u00e9ditation<\/h3>\n\n\n\n<div class=\"is-layout-flow wp-block-group alignfull block-cards block-cards--white-motif\">\n\n    <div class=\"block-cards__motif\">\n    <svg xmlns=\"http:\/\/www.w3.org\/2000\/svg\" width=\"598.293\" height=\"518.136\" viewBox=\"0 0 598.293 518.136\">\n      <path d=\"M448.721,0H149.574L0,259.068,149.574,518.136H448.721L598.294,259.068Zm-.24.413L597.817,259.068,523.268,388.189,299.386.413Zm74.287,387.735H75.526L299.146.826ZM149.813.413h149.1L75.025,388.189.478,259.068ZM448.482,517.724H149.813L75.242,388.561H523.053Z\" transform=\"translate(-0.001)\" fill=\"#582c83\"\/>\n    <\/svg>\n  <\/div>\n  \n    <div class=\"container\">\n    <div class=\"col\">\n      <div class=\"block-cards__grid block-cards__grid--2\">\n              \n<div class=\"module-cards bucket-cards card-grey card-type-text\">\n    <a target=\"_blank\" href=\"https:\/\/app.certain.com\/profile\/form\/index.cfm?PKformID=0x3140986a7a8\"><\/a>    <div class=\"bucket-cards-inner\">\n\n      \n      <div class=\"bucket-cards-content\">\n        <div class=\"bucket-cards-content-inner\">\n          <p class=\"card-content\">Fournisseurs de cours &#8211; nouvelles accr\u00e9ditations&nbsp;&nbsp;&nbsp;&nbsp;<span class=\"card-content-arrow\"><\/span><\/p>\n                    <p class=\"card-description\">100 $ plus les taxes applicables<\/p>\n                          \n                <\/div>\n\n    <\/div>\n  <\/div>\n<\/div>              \n<div class=\"module-cards bucket-cards card-grey card-type-text\">\n    <a target=\"_blank\" href=\"https:\/\/app.certain.com\/profile\/form\/index.cfm?PKformID=0x34145673165\"><\/a>    <div class=\"bucket-cards-inner\">\n\n      \n      <div class=\"bucket-cards-content\">\n        <div class=\"bucket-cards-content-inner\">\n          <p class=\"card-content\">Fournisseurs de cours &#8211; renouvellement des accr\u00e9ditations&nbsp;&nbsp;&nbsp;&nbsp;<span class=\"card-content-arrow\"><\/span><\/p>\n                    <p class=\"card-description\">25 $ plus les taxes applicables<\/p>\n                          \n                <\/div>\n\n    <\/div>\n  <\/div>\n<\/div>              \n<div class=\"module-cards bucket-cards card-grey card-type-text\">\n    <a target=\"_blank\" href=\"https:\/\/app.certain.com\/profile\/form\/index.cfm?PKformID=0x3414605e8e2\"><\/a>    <div class=\"bucket-cards-inner\">\n\n      \n      <div class=\"bucket-cards-content\">\n        <div class=\"bucket-cards-content-inner\">\n          <p class=\"card-content\">Instutitions (universit\u00e9s\/coll\u00e8ges) &#8211; nouvelles accr\u00e9ditations&nbsp;&nbsp;&nbsp;&nbsp;<span class=\"card-content-arrow\"><\/span><\/p>\n                    <p class=\"card-description\">50 $ plus les taxes applicables<\/p>\n                          \n                <\/div>\n\n    <\/div>\n  <\/div>\n<\/div>              \n<div class=\"module-cards bucket-cards card-grey card-type-text\">\n    <a target=\"_blank\" href=\"https:\/\/app.certain.com\/profile\/form\/index.cfm?PKformID=0x3414586d7c2\"><\/a>    <div class=\"bucket-cards-inner\">\n\n      \n      <div class=\"bucket-cards-content\">\n        <div class=\"bucket-cards-content-inner\">\n          <p class=\"card-content\">Instutitions (universit\u00e9s\/coll\u00e8ges) &#8211; renouvellement des accr\u00e9ditations&nbsp;&nbsp;&nbsp;&nbsp;<span class=\"card-content-arrow\"><\/span><\/p>\n                    <p class=\"card-description\">25 $ plus les taxes applicables<\/p>\n                          \n                <\/div>\n\n    <\/div>\n  <\/div>\n<\/div>            <\/div>\n    <\/div>\n  <\/div>\n<\/div>\n\n\n<p>Si votre demande d\u2019accr\u00e9ditation n\u2019est pas approuv\u00e9e, vos frais de demande seront rembours\u00e9s.<\/p>\n\n\n\n<div class=\"is-layout-flow wp-block-group alignfull block-cta block-cta--purple-motif\">\n\n    <div class=\"block-cta__motif\">\n    <svg xmlns=\"http:\/\/www.w3.org\/2000\/svg\" width=\"527.292\" height=\"547.292\" viewBox=\"0 0 527.292 547.292\">\n      <path d=\"M491.99,410.507a280.341,280.341,0,0,0,35.3-136.861C527.29,122.515,409.251,0,263.644,0S0,122.515,0,273.646A280.341,280.341,0,0,0,35.3,410.507l0,0h0c45.591,81.768,130.776,136.783,228.344,136.783S446.4,492.277,491.988,410.509h0ZM449.8,80.429c49.724,51.61,77.107,120.229,77.107,193.216a279.6,279.6,0,0,1-35.1,136.525L263.868.4C334.1.461,400.129,28.875,449.8,80.429Zm41.528,329.682H35.96L263.644.795ZM.381,273.646c0-72.988,27.384-141.607,77.107-193.216C127.16,28.875,193.186.461,263.422.4L35.485,410.171A279.624,279.624,0,0,1,.381,273.646ZM449.8,466.862c-49.724,51.61-115.835,80.032-186.156,80.032S127.212,518.472,77.488,466.862a273.8,273.8,0,0,1-41.811-56.354H491.613A273.8,273.8,0,0,1,449.8,466.862Z\" transform=\"translate(0.002)\" fill=\"#fff\"\/>\n    <\/svg>\n  <\/div>\n  \n  <div class=\"wp-block-group__inner-container\">\n    <p class=\"text-center\">Si vous ne trouvez pas de r\u00e9ponses \u00e0 vos questions concernant le Sceau d\u2019or sur notre site Web, veuillez communiquer avec nous \u00e0 <a href=\"mailto:goldseal@cca-acc.com\">goldseal@cca-acc.com<\/a> ou au <a href=\"tel:6132369455\">613-236-9455<\/a>. <\/p>\n    <div class=\"button_center\"><a class=\"btn-white outlined\" href=\"mailto:goldseal@cca-acc.com\">Contactez-nous<\/a><\/div>\n  <\/div>\n<\/div>","protected":false},"excerpt":{"rendered":"<p>Processus d\u2019accr\u00e9ditation Les demandes d\u2019accr\u00e9ditation sont trait\u00e9es une fois par semaine. Les fournisseurs de cours recevront un courriel d&#8217;approbation avec un certificat d&#8217;accr\u00e9ditation s&#8217;ils sont approuv\u00e9s. Veuillez conserver un dossier des dates d\u2019expiration de vos cours accr\u00e9dit\u00e9s et renouveler votre accr\u00e9ditation avant la date d\u2019expiration. Les cours sont publi\u00e9s sur la page de formation accr\u00e9dit\u00e9e [&hellip;]<\/p>\n","protected":false},"author":1,"featured_media":0,"parent":16732,"menu_order":0,"comment_status":"closed","ping_status":"closed","template":"","meta":{"_acf_changed":false,"footnotes":""},"class_list":["post-16739","page","type-page","status-publish","hentry"],"acf":[],"_links":{"self":[{"href":"https:\/\/staging.cca-acc.com\/fr\/wp-json\/wp\/v2\/pages\/16739","targetHints":{"allow":["GET"]}}],"collection":[{"href":"https:\/\/staging.cca-acc.com\/fr\/wp-json\/wp\/v2\/pages"}],"about":[{"href":"https:\/\/staging.cca-acc.com\/fr\/wp-json\/wp\/v2\/types\/page"}],"author":[{"embeddable":true,"href":"https:\/\/staging.cca-acc.com\/fr\/wp-json\/wp\/v2\/users\/1"}],"replies":[{"embeddable":true,"href":"https:\/\/staging.cca-acc.com\/fr\/wp-json\/wp\/v2\/comments?post=16739"}],"version-history":[{"count":6,"href":"https:\/\/staging.cca-acc.com\/fr\/wp-json\/wp\/v2\/pages\/16739\/revisions"}],"predecessor-version":[{"id":53921,"href":"https:\/\/staging.cca-acc.com\/fr\/wp-json\/wp\/v2\/pages\/16739\/revisions\/53921"}],"up":[{"embeddable":true,"href":"https:\/\/staging.cca-acc.com\/fr\/wp-json\/wp\/v2\/pages\/16732"}],"wp:attachment":[{"href":"https:\/\/staging.cca-acc.com\/fr\/wp-json\/wp\/v2\/media?parent=16739"}],"curies":[{"name":"wp","href":"https:\/\/api.w.org\/{rel}","templated":true}]}}