{"id":16720,"date":"2020-06-24T16:12:03","date_gmt":"2020-06-24T16:12:03","guid":{"rendered":"https:\/\/www.cca-acc.com\/workforce-excellence\/sceau-dor\/candidats\/webinars\/"},"modified":"2024-08-27T12:51:08","modified_gmt":"2024-08-27T16:51:08","slug":"webinaires-de-sceau-dor","status":"publish","type":"page","link":"https:\/\/staging.cca-acc.com\/fr\/sceau-dor\/comment-presenter-une-demande\/webinaires-de-sceau-dor\/","title":{"rendered":"Webinaire d\u2019information"},"content":{"rendered":"\n<h2 class=\"wp-block-heading\">Vous \u00eates-vous demand\u00e9 ce qu\u2019il vous faut pour obtenir votre certification Sceau d\u2019or?<\/h2>\n\n\n\n<p>Joignez-vous \u00e0 nous pour une s\u00e9ance d\u2019information de 45 minutes, suivie d\u2019une p\u00e9riode de questions-r\u00e9ponses de 15 minutes, portant sur ce qui suit :<\/p>\n\n\n\n<ul class=\"wp-block-list\">\n<li>Qualifications n\u00e9cessaires pour la certification Sceau d\u2019or&nbsp;<\/li>\n\n\n\n<li>Exigences en mati\u00e8re d\u2019exp\u00e9rience et de formation<\/li>\n\n\n\n<li>Processus de demande<\/li>\n\n\n\n<li>Examen du Sceau d\u2019or<\/li>\n<\/ul>\n\n\n\n<h3 class=\"wp-block-heading\">Regardez un enregistrement du webinaire de f\u00e9vrier 2024<\/h3>\n\n\n\n<figure class=\"wp-block-embed is-type-video is-provider-youtube wp-block-embed-youtube wp-embed-aspect-16-9 wp-has-aspect-ratio\"><div class=\"wp-block-embed__wrapper\">\n<iframe loading=\"lazy\" title=\"S\u00e9ance d&#039;information Sceau d&#039;or f\u00e9vrier 2024\" width=\"580\" height=\"326\" src=\"https:\/\/www.youtube.com\/embed\/BSwxP31M-Pc?feature=oembed\" frameborder=\"0\" allow=\"accelerometer; autoplay; clipboard-write; encrypted-media; gyroscope; picture-in-picture; web-share\" referrerpolicy=\"strict-origin-when-cross-origin\" allowfullscreen><\/iframe>\n<\/div><\/figure>\n\n\n\n<div class=\"is-layout-flow wp-block-group alignfull block-cta block-cta--purple-motif\">\n\n    <div class=\"block-cta__motif\">\n    <svg xmlns=\"http:\/\/www.w3.org\/2000\/svg\" width=\"527.292\" height=\"547.292\" viewBox=\"0 0 527.292 547.292\">\n      <path d=\"M491.99,410.507a280.341,280.341,0,0,0,35.3-136.861C527.29,122.515,409.251,0,263.644,0S0,122.515,0,273.646A280.341,280.341,0,0,0,35.3,410.507l0,0h0c45.591,81.768,130.776,136.783,228.344,136.783S446.4,492.277,491.988,410.509h0ZM449.8,80.429c49.724,51.61,77.107,120.229,77.107,193.216a279.6,279.6,0,0,1-35.1,136.525L263.868.4C334.1.461,400.129,28.875,449.8,80.429Zm41.528,329.682H35.96L263.644.795ZM.381,273.646c0-72.988,27.384-141.607,77.107-193.216C127.16,28.875,193.186.461,263.422.4L35.485,410.171A279.624,279.624,0,0,1,.381,273.646ZM449.8,466.862c-49.724,51.61-115.835,80.032-186.156,80.032S127.212,518.472,77.488,466.862a273.8,273.8,0,0,1-41.811-56.354H491.613A273.8,273.8,0,0,1,449.8,466.862Z\" transform=\"translate(0.002)\" fill=\"#fff\"\/>\n    <\/svg>\n  <\/div>\n  \n  <div class=\"wp-block-group__inner-container\">\n    <p class=\"text-center\">Si vous ne trouvez pas de r\u00e9ponses \u00e0 vos questions concernant le Sceau d\u2019or sur notre site Web, veuillez communiquer avec nous \u00e0 <a href=\"mailto:goldseal@cca-acc.com\">goldseal@cca-acc.com<\/a> ou au <a href=\"tel:6132369455\">613-236-9455<\/a>. <\/p>\n    <div class=\"button_center\"><a class=\"btn-white outlined\" href=\"mailto:goldseal@cca-acc.com\">Contactez-nous<\/a><\/div>\n  <\/div>\n<\/div>","protected":false},"excerpt":{"rendered":"<p>Vous \u00eates-vous demand\u00e9 ce qu\u2019il vous faut pour obtenir votre certification Sceau d\u2019or? Joignez-vous \u00e0 nous pour une s\u00e9ance d\u2019information de 45 minutes, suivie d\u2019une p\u00e9riode de questions-r\u00e9ponses de 15 minutes, portant sur ce qui suit : Regardez un enregistrement du webinaire de f\u00e9vrier 2024<\/p>\n","protected":false},"author":1,"featured_media":42967,"parent":21073,"menu_order":2,"comment_status":"closed","ping_status":"closed","template":"","meta":{"_acf_changed":false,"footnotes":""},"class_list":["post-16720","page","type-page","status-publish","has-post-thumbnail","hentry"],"acf":[],"_links":{"self":[{"href":"https:\/\/staging.cca-acc.com\/fr\/wp-json\/wp\/v2\/pages\/16720","targetHints":{"allow":["GET"]}}],"collection":[{"href":"https:\/\/staging.cca-acc.com\/fr\/wp-json\/wp\/v2\/pages"}],"about":[{"href":"https:\/\/staging.cca-acc.com\/fr\/wp-json\/wp\/v2\/types\/page"}],"author":[{"embeddable":true,"href":"https:\/\/staging.cca-acc.com\/fr\/wp-json\/wp\/v2\/users\/1"}],"replies":[{"embeddable":true,"href":"https:\/\/staging.cca-acc.com\/fr\/wp-json\/wp\/v2\/comments?post=16720"}],"version-history":[{"count":18,"href":"https:\/\/staging.cca-acc.com\/fr\/wp-json\/wp\/v2\/pages\/16720\/revisions"}],"predecessor-version":[{"id":56500,"href":"https:\/\/staging.cca-acc.com\/fr\/wp-json\/wp\/v2\/pages\/16720\/revisions\/56500"}],"up":[{"embeddable":true,"href":"https:\/\/staging.cca-acc.com\/fr\/wp-json\/wp\/v2\/pages\/21073"}],"wp:featuredmedia":[{"embeddable":true,"href":"https:\/\/staging.cca-acc.com\/fr\/wp-json\/wp\/v2\/media\/42967"}],"wp:attachment":[{"href":"https:\/\/staging.cca-acc.com\/fr\/wp-json\/wp\/v2\/media?parent=16720"}],"curies":[{"name":"wp","href":"https:\/\/api.w.org\/{rel}","templated":true}]}}