{"id":15876,"date":"2020-07-13T17:57:31","date_gmt":"2020-07-13T17:57:31","guid":{"rendered":"https:\/\/www.cca-acc.com\/defense-des-interets\/get-involved\/"},"modified":"2021-09-07T15:35:45","modified_gmt":"2021-09-07T19:35:45","slug":"impliquez-vous","status":"publish","type":"page","link":"https:\/\/staging.cca-acc.com\/fr\/defense-des-interets\/impliquez-vous\/","title":{"rendered":"Impliquez-vous!"},"content":{"rendered":"\n<p>L\u2019Association canadienne de la construction (ACC) fait bien plus que simplement repr\u00e9senter l\u2019industrie canadienne de la construction. Nous travaillons de concert avec nos membres et nos partenaires afin de susciter et de favoriser des changements qui contribuent \u00e0 renforcer l\u2019industrie. Chaque d\u00e9cision que nous prenons est guid\u00e9e par l\u2019int\u00e9r\u00eat sup\u00e9rieur de nos membres et de l\u2019industrie, tout en veillant \u00e0 contribuer de mani\u00e8re positive \u00e0 nos communaut\u00e9s.<\/p>\n\n\n\n<p>La participation et l\u2019engagement des membres \u00e0 l\u2019\u00e9gard de la d\u00e9fense des int\u00e9r\u00eats sont essentiels. Faites entendre votre voix et appuyez les efforts nationaux de l\u2019ACC en mati\u00e8re de d\u00e9fense des int\u00e9r\u00eats en participant \u00e0 nos campagnes. Imaginez l\u2019impact que peut avoir la diffusion de milliers de lettres, de gazouillis ou de messages sur les r\u00e9seaux sociaux.<\/p>\n\n\n\n<div style=\"height:35px\" aria-hidden=\"true\" class=\"wp-block-spacer\"><\/div>\n\n\n\n<div class=\"wp-block-group alignfull callout-bucket-group\"><div class=\"wp-block-group__inner-container is-layout-flow wp-block-group-is-layout-flow\">\n<div class=\"wp-block-columns alignfull is-layout-flex wp-container-core-columns-is-layout-9d6595d7 wp-block-columns-is-layout-flex\">\n<div class=\"wp-block-column is-layout-flow wp-block-column-is-layout-flow\">\t<div data-aos=\"fade-up\" style=\"width: 100%;\">\n\t\t<div class=\"bucket-sm-2 cca_purple\">\n\t\t\t<div class=\"background-image\" style=\"background-image: url(\/wp-content\/uploads\/2020\/10\/GettyImages-1176899967.jpg)\"><\/div>\n\t\t\t<a href=\"https:\/\/rac.cca-acc.com\/\">\n\t\t\t\t<div class=\"box-inner\">\n\t\t\t\t\t<h4 class=\"white-text\" style=\"margin: 0px;\">R\u00e9seau d\u2019action des constructeurs<\/h4>\n\t\t\t\t\t<p class=\"white-text\"><\/p>\n\t\t\t\t\t\n\t\t\t\t\t\n\t\t\t\t\t\t<button class=\"btn-white hover-btn\" style=\"color: #582c83;\">Pour en savoir plus<\/button>\n\t\t\t\t\t\n\t\t\t\t<\/div>\n\t\t\t<\/a>\n\t\t<\/div>\n\t<\/div>\n\n\n\n\n\n<p><\/p>\n<\/div>\n\n\n\n<div class=\"wp-block-column is-layout-flow wp-block-column-is-layout-flow\">\t<div data-aos=\"fade-up\" style=\"width: 100%;\">\n\t\t<div class=\"bucket-sm-2 cca_orange\">\n\t\t\t<div class=\"background-image\" style=\"background-image: url(\/wp-content\/uploads\/2020\/10\/NCD-woman.jpg)\"><\/div>\n\t\t\t<a href=\"\/fr\/defense-des-interets\/impliquez-vous\/constructioncanredonne\/\">\n\t\t\t\t<div class=\"box-inner\">\n\t\t\t\t\t<h4 class=\"white-text\" style=\"margin: 0px;\">#ConstructionCANRedonne<\/h4>\n\t\t\t\t\t<p class=\"white-text\"><\/p>\n\t\t\t\t\t\n\t\t\t\t\t\n\t\t\t\t\t\t<button class=\"btn-white hover-btn\" style=\"color: #cf4520;\">Pour en savoir plus<\/button>\n\t\t\t\t\t\n\t\t\t\t<\/div>\n\t\t\t<\/a>\n\t\t<\/div>\n\t<\/div>\n\n\n<\/div>\n\n\n\n<div class=\"wp-block-column is-layout-flow wp-block-column-is-layout-flow\">\t<div data-aos=\"fade-up\" style=\"width: 100%;\">\n\t\t<div class=\"bucket-sm-2 cca_green\">\n\t\t\t<div class=\"background-image\" style=\"background-image: url(\/wp-content\/uploads\/2020\/10\/LunchBoxChallenge-compile.jpg)\"><\/div>\n\t\t\t<a href=\"\/fr\/defense-des-interets\/impliquez-vous\/national-construction-day\/\">\n\t\t\t\t<div class=\"box-inner\">\n\t\t\t\t\t<h4 class=\"white-text\" style=\"margin: 0px;\">Journ\u00e9e nationale de la construction<\/h4>\n\t\t\t\t\t<p class=\"white-text\"><\/p>\n\t\t\t\t\t\n\t\t\t\t\t\n\t\t\t\t\t\t<button class=\"btn-white hover-btn\" style=\"color: #78be20;\">Pour en savoir plus<\/button>\n\t\t\t\t\t\n\t\t\t\t<\/div>\n\t\t\t<\/a>\n\t\t<\/div>\n\t<\/div>\n\n\n<\/div>\n<\/div>\n<\/div><\/div>\n\n\n\n<p><\/p>\n","protected":false},"excerpt":{"rendered":"<p>L\u2019Association canadienne de la construction (ACC) fait bien plus que simplement repr\u00e9senter l\u2019industrie canadienne de la construction. Nous travaillons de concert avec nos membres et nos partenaires afin de susciter et de favoriser des changements qui contribuent \u00e0 renforcer l\u2019industrie. Chaque d\u00e9cision que nous prenons est guid\u00e9e par l\u2019int\u00e9r\u00eat sup\u00e9rieur de nos membres et de [&hellip;]<\/p>\n","protected":false},"author":1,"featured_media":0,"parent":15874,"menu_order":0,"comment_status":"closed","ping_status":"closed","template":"","meta":{"_acf_changed":false,"footnotes":""},"class_list":["post-15876","page","type-page","status-publish","hentry"],"acf":[],"_links":{"self":[{"href":"https:\/\/staging.cca-acc.com\/fr\/wp-json\/wp\/v2\/pages\/15876","targetHints":{"allow":["GET"]}}],"collection":[{"href":"https:\/\/staging.cca-acc.com\/fr\/wp-json\/wp\/v2\/pages"}],"about":[{"href":"https:\/\/staging.cca-acc.com\/fr\/wp-json\/wp\/v2\/types\/page"}],"author":[{"embeddable":true,"href":"https:\/\/staging.cca-acc.com\/fr\/wp-json\/wp\/v2\/users\/1"}],"replies":[{"embeddable":true,"href":"https:\/\/staging.cca-acc.com\/fr\/wp-json\/wp\/v2\/comments?post=15876"}],"version-history":[{"count":0,"href":"https:\/\/staging.cca-acc.com\/fr\/wp-json\/wp\/v2\/pages\/15876\/revisions"}],"up":[{"embeddable":true,"href":"https:\/\/staging.cca-acc.com\/fr\/wp-json\/wp\/v2\/pages\/15874"}],"wp:attachment":[{"href":"https:\/\/staging.cca-acc.com\/fr\/wp-json\/wp\/v2\/media?parent=15876"}],"curies":[{"name":"wp","href":"https:\/\/api.w.org\/{rel}","templated":true}]}}